{"id":5561,"date":"2024-05-13T08:29:48","date_gmt":"2024-05-13T08:29:48","guid":{"rendered":"https:\/\/shthemes.net\/demosd\/thecappa-boutique-hotel\/?page_id=79"},"modified":"2025-07-24T18:36:58","modified_gmt":"2025-07-24T18:36:58","slug":"services","status":"publish","type":"page","link":"https:\/\/aytanaluxuryliving.com.mx\/en\/services\/","title":{"rendered":"Services"},"content":{"rendered":"<div data-elementor-type=\"wp-page\" data-elementor-id=\"5561\" class=\"elementor elementor-5561\" data-elementor-post-type=\"page\">\n\t\t\t\t\t\t<section class=\"elementor-section elementor-top-section elementor-element elementor-element-ff61bdc elementor-section-full_width elementor-section-height-default elementor-section-height-default\" data-id=\"ff61bdc\" data-element_type=\"section\" data-e-type=\"section\">\n\t\t\t\t\t\t<div class=\"elementor-container elementor-column-gap-no\">\n\t\t\t\t\t<div class=\"elementor-column elementor-col-100 elementor-top-column elementor-element elementor-element-74e4b6e\" data-id=\"74e4b6e\" data-element_type=\"column\" data-e-type=\"column\">\n\t\t\t<div class=\"elementor-widget-wrap elementor-element-populated\">\n\t\t\t\t\t\t<div class=\"elementor-element elementor-element-4c52700 elementor-align-left elementor-widget elementor-widget-bdevs-banner-section\" data-id=\"4c52700\" data-element_type=\"widget\" data-e-type=\"widget\" data-widget_type=\"bdevs-banner-section.default\">\n\t\t\t\t<div class=\"elementor-widget-container\">\n\t\t\t\t\t\r\n\t<div class=\"banner-header section-padding valign bg-img bg-fixed bg-position-bottom\" data-overlay-dark=\"6\" data-background=\"https:\/\/aytanaluxuryliving.com.mx\/wp-content\/uploads\/2025\/06\/Diseno-sin-titulo-2025-06-30T170854.565.png\">\r\n\t\r\n\t\t<div class=\"container\">\r\n\t\t\t<div class=\"row\">\r\n\t\t\t\t<div class=\"col-md-12 text-center caption mt-90\">\r\n\t\t\t\t\t\t\t\t\t\t\t\t\t\t\t\t<h1>Amenidades<\/h1>\r\n\t\t\t\t\t\t\t\t\t<\/div>\r\n\t\t\t<\/div>\r\n\t\t<\/div>\r\n\t<\/div>\r\n\r\n\r\n\r\n\t\t\t\t<\/div>\n\t\t\t\t<\/div>\n\t\t\t\t\t<\/div>\n\t\t<\/div>\n\t\t\t\t\t<\/div>\n\t\t<\/section>\n\t\t\t\t<section class=\"elementor-section elementor-top-section elementor-element elementor-element-78c4141 elementor-section-full_width elementor-section-height-default elementor-section-height-default\" data-id=\"78c4141\" data-element_type=\"section\" data-e-type=\"section\">\n\t\t\t\t\t\t<div class=\"elementor-container elementor-column-gap-no\">\n\t\t\t\t\t<div class=\"elementor-column elementor-col-100 elementor-top-column elementor-element elementor-element-d0c9524\" data-id=\"d0c9524\" data-element_type=\"column\" data-e-type=\"column\">\n\t\t\t<div class=\"elementor-widget-wrap elementor-element-populated\">\n\t\t\t\t\t\t<div class=\"elementor-element elementor-element-9ebf001 elementor-align-left elementor-widget elementor-widget-bdevs-service-section\" data-id=\"9ebf001\" data-element_type=\"widget\" data-e-type=\"widget\" data-widget_type=\"bdevs-service-section.default\">\n\t\t\t\t<div class=\"elementor-widget-container\">\n\t\t\t\t\t\r\n<section class=\"services section-padding\">\r\n\t<div class=\"container\">\r\n\t\t\t\t\t\t\t\t\t\t\t<div class=\"row mb-30\">\r\n\t\t\t\t\t<div class=\"col-lg-6 col-md-12 animate-box\" data-animate-effect=\"fadeInLeft\">\r\n\t\t\t\t\t\t\t\t\t\t\t\t\t<div class=\"img left\">\r\n\t\t\t\t\t\t\t\t\t\t\t\t\t\t\t\t\t<a href=\"?p=9\">\r\n\t\t\t\t\t\t\t\t\t\t<img decoding=\"async\" src=\"https:\/\/aytanaluxuryliving.com.mx\/wp-content\/uploads\/2025\/07\/Diseno-sin-titulo-2025-07-10T110302.254.png\" alt=\"\">\r\n\t\t\t\t\t\t\t\t\t<\/a>\r\n\t\t\t\t\t\t\t\t\t\t\t\t\t\t\t<\/div>\r\n\t\t\t\t\t\t\t\t\t\t\t<\/div>\r\n\t\t\t\t\t<div class=\"col-lg-6 col-md-12 valign animate-box\" data-animate-effect=\"fadeInRight\">\r\n\t\t\t\t\t\t<div class=\"content\">\r\n\t\t\t\t\t\t\t<div class=\"date\">\r\n\t\t\t\t\t\t\t\t\t\t\t\t\t\t\t\t\t<h1>01<\/h1>\r\n\t\t\t\t\t\t\t\t\t\t\t\t\t\t\t<\/div>\r\n\t\t\t\t\t\t\t<div class=\"cont\">\r\n\t\t\t\t\t\t\t\t\t\t\t\t\t\t\t\t\t<a href=\"?p=9\">\r\n\t\t\t\t\t\t\t\t\t\t<h5>Beach Club<\/h5>\r\n\t\t\t\t\t\t\t\t\t<\/a>\r\n\t\t\t\t\t\t\t\t\t\t\t\t\t\t\t\t\t\t\t\t\t\t\t\t\t<p>Sum\u00e9rgete en la experiencia \u00fanica de Aytana Beach Club, un refugio de sofisticaci\u00f3n frente a las aguas turquesa del Caribe. Aqu\u00ed, el lujo se encuentra con la brisa marina en un ambiente dise\u00f1ado para el descanso, el placer y los sentidos.\n\nDisfruta de camastros exclusivos, cocteler\u00eda de autor, m\u00fasica selecta y una gastronom\u00eda que celebra los sabores frescos de la costa yucateca con un toque contempor\u00e1neo.<\/p>\r\n\t\t\t\t\t\t\t\t\t\t\t\t\t\t\t\t\t\t\t\t\t\t\t<\/div>\r\n\t\t\t\t\t\t<\/div>\r\n\t\t\t\t\t<\/div>\r\n\t\t\t\t<\/div>\r\n\t\t\t\t\t\t\t\t\t\t\t\t<div class=\"row mb-30\">\r\n\t\t\t\t\t<div class=\"col-lg-6 col-md-12 order2 valign animate-box\" data-animate-effect=\"fadeInLeft\">\r\n\t\t\t\t\t\t<div class=\"content\">\r\n\t\t\t\t\t\t\t<div class=\"date\">\r\n\t\t\t\t\t\t\t\t\t\t\t\t\t\t\t\t\t<h1>02<\/h1>\r\n\t\t\t\t\t\t\t\t\t\t\t\t\t\t\t<\/div>\r\n\t\t\t\t\t\t\t<div class=\"cont\">\r\n\t\t\t\t\t\t\t\t\t\t\t\t\t\t\t\t\t<a href=\"?p=26\">\r\n\t\t\t\t\t\t\t\t\t\t<h5>Wellness<\/h5>\r\n\t\t\t\t\t\t\t\t\t<\/a>\r\n\t\t\t\t\t\t\t\t\t\t\t\t\t\t\t\t\t\t\t\t\t\t\t\t\t<p>Descubre nuestra selecci\u00f3n de tratamientos exclusivos dise\u00f1ados para relajar, renovar y reconectar contigo. Cada detalle est\u00e1 pensado para que vivas un momento de desconexi\u00f3n total, rodeado de tranquilidad.<\/p>\r\n\t\t\t\t\t\t\t\t\t\t\t\t\t\t\t\t\t\t\t\t\t\t\t<\/div>\r\n\t\t\t\t\t\t<\/div>\r\n\t\t\t\t\t<\/div>\r\n\t\t\t\t\t<div class=\"col-lg-6 col-md-12 order1 animate-box\" data-animate-effect=\"fadeInRight\">\r\n\t\t\t\t\t\t<div class=\"img left\">\r\n\t\t\t\t\t\t\t\t\t\t\t\t\t\t\t<a href=\"?p=26\">\r\n\t\t\t\t\t\t\t\t\t<img decoding=\"async\" src=\"https:\/\/shthemes.net\/demosd\/thecappa-boutique-hotel\/wp-content\/uploads\/2024\/05\/2-1.jpg\" alt=\"\">\r\n\t\t\t\t\t\t\t\t<\/a>\r\n\t\t\t\t\t\t\t\t\t\t\t\t\t<\/div>\r\n\t\t\t\t\t<\/div>\r\n\t\t\t\t<\/div>\r\n\t\t\t\t\t\t\t\t\t\t\t\t<div class=\"row mb-30\">\r\n\t\t\t\t\t<div class=\"col-lg-6 col-md-12 animate-box\" data-animate-effect=\"fadeInLeft\">\r\n\t\t\t\t\t\t\t\t\t\t\t\t\t<div class=\"img left\">\r\n\t\t\t\t\t\t\t\t\t\t\t\t\t\t\t\t\t<a href=\"?p=42\">\r\n\t\t\t\t\t\t\t\t\t\t<img decoding=\"async\" src=\"https:\/\/aytanaluxuryliving.com.mx\/wp-content\/uploads\/2025\/07\/assd.jpg\" alt=\"\">\r\n\t\t\t\t\t\t\t\t\t<\/a>\r\n\t\t\t\t\t\t\t\t\t\t\t\t\t\t\t<\/div>\r\n\t\t\t\t\t\t\t\t\t\t\t<\/div>\r\n\t\t\t\t\t<div class=\"col-lg-6 col-md-12 valign animate-box\" data-animate-effect=\"fadeInRight\">\r\n\t\t\t\t\t\t<div class=\"content\">\r\n\t\t\t\t\t\t\t<div class=\"date\">\r\n\t\t\t\t\t\t\t\t\t\t\t\t\t\t\t\t\t<h1>03<\/h1>\r\n\t\t\t\t\t\t\t\t\t\t\t\t\t\t\t<\/div>\r\n\t\t\t\t\t\t\t<div class=\"cont\">\r\n\t\t\t\t\t\t\t\t\t\t\t\t\t\t\t\t\t<a href=\"?p=42\">\r\n\t\t\t\t\t\t\t\t\t\t<h5>TeensClub<\/h5>\r\n\t\t\t\t\t\t\t\t\t<\/a>\r\n\t\t\t\t\t\t\t\t\t\t\t\t\t\t\t\t\t\t\t\t\t\t\t\t\t<p>Aqu\u00ed puedes relajarte, conocer nuevos amigos, jugar, crear contenido o simplemente ser t\u00fa.\n\nDisfruta de zonas con videojuegos, realidad virtual, lounge con snacks, actividades interactivas y espacios ideales para redes sociales. Todo en un ambiente seguro, moderno y con el sello Aytana: con estilo, con actitud.<\/p>\r\n\t\t\t\t\t\t\t\t\t\t\t\t\t\t\t\t\t\t\t\t\t\t\t\t\t<div class=\"butn-dark\">\r\n\t\t\t\t\t\t\t\t\t\t<a href=\"?p=42\">\r\n\t\t\t\t\t\t\t\t\t\t\t<span>Discover<\/span>\r\n\t\t\t\t\t\t\t\t\t\t<\/a>\r\n\t\t\t\t\t\t\t\t\t<\/div>\r\n\t\t\t\t\t\t\t\t\t\t\t\t\t\t\t<\/div>\r\n\t\t\t\t\t\t<\/div>\r\n\t\t\t\t\t<\/div>\r\n\t\t\t\t<\/div>\r\n\t\t\t\t\t\t<\/div>\r\n<\/section>\r\n\r\n\r\n\t\t\t\t<\/div>\n\t\t\t\t<\/div>\n\t\t\t\t<div class=\"elementor-element elementor-element-6c5c5f2 elementor-widget elementor-widget-video\" data-id=\"6c5c5f2\" data-element_type=\"widget\" data-e-type=\"widget\" data-settings=\"{&quot;youtube_url&quot;:&quot;https:\\\/\\\/youtu.be\\\/McIXv0b7BzQ&quot;,&quot;autoplay&quot;:&quot;yes&quot;,&quot;loop&quot;:&quot;yes&quot;,&quot;play_on_mobile&quot;:&quot;yes&quot;,&quot;video_type&quot;:&quot;youtube&quot;}\" data-widget_type=\"video.default\">\n\t\t\t\t\t\t\t<div class=\"elementor-wrapper elementor-open-inline\">\n\t\t\t<div class=\"elementor-video\"><\/div>\t\t<\/div>\n\t\t\t\t\t\t<\/div>\n\t\t\t\t\t<\/div>\n\t\t<\/div>\n\t\t\t\t\t<\/div>\n\t\t<\/section>\n\t\t<div class=\"elementor-element elementor-element-7ee1495 e-flex e-con-boxed e-con e-parent\" data-id=\"7ee1495\" data-element_type=\"container\" data-e-type=\"container\">\n\t\t\t\t\t<div class=\"e-con-inner\">\n\t\t\t\t<div class=\"elementor-element elementor-element-4a04646 elementor-align-left elementor-widget elementor-widget-bdevs-service-section\" data-id=\"4a04646\" data-element_type=\"widget\" data-e-type=\"widget\" data-widget_type=\"bdevs-service-section.default\">\n\t\t\t\t<div class=\"elementor-widget-container\">\n\t\t\t\t\t\r\n<section class=\"services section-padding\">\r\n\t<div class=\"container\">\r\n\t\t\t\t\t\t\t\t\t\t\t<div class=\"row mb-30\">\r\n\t\t\t\t\t<div class=\"col-lg-6 col-md-12 animate-box\" data-animate-effect=\"fadeInLeft\">\r\n\t\t\t\t\t\t\t\t\t\t\t\t\t<div class=\"img left\">\r\n\t\t\t\t\t\t\t\t\t\t\t\t\t\t\t\t\t<a href=\"?p=9\">\r\n\t\t\t\t\t\t\t\t\t\t<img decoding=\"async\" src=\"https:\/\/aytanaluxuryliving.com.mx\/wp-content\/uploads\/2025\/07\/Sin-titulo-2-6.jpg\" alt=\"\">\r\n\t\t\t\t\t\t\t\t\t<\/a>\r\n\t\t\t\t\t\t\t\t\t\t\t\t\t\t\t<\/div>\r\n\t\t\t\t\t\t\t\t\t\t\t<\/div>\r\n\t\t\t\t\t<div class=\"col-lg-6 col-md-12 valign animate-box\" data-animate-effect=\"fadeInRight\">\r\n\t\t\t\t\t\t<div class=\"content\">\r\n\t\t\t\t\t\t\t<div class=\"date\">\r\n\t\t\t\t\t\t\t\t\t\t\t\t\t\t\t\t\t<h1>01<\/h1>\r\n\t\t\t\t\t\t\t\t\t\t\t\t\t\t\t<\/div>\r\n\t\t\t\t\t\t\t<div class=\"cont\">\r\n\t\t\t\t\t\t\t\t\t\t\t\t\t\t\t\t\t<a href=\"?p=9\">\r\n\t\t\t\t\t\t\t\t\t\t<h5>Roof top<\/h5>\r\n\t\t\t\t\t\t\t\t\t<\/a>\r\n\t\t\t\t\t\t\t\t\t\t\t\t\t\t\t\t\t\t\t\t\t\t\t\t\t<p>Descubre Aytana Rooftop, el punto m\u00e1s alto del estilo en la costa. Un lugar donde las vistas panor\u00e1micas del mar se combinan con una propuesta culinaria de alto nivel, mixolog\u00eda de autor y una vibra inigualable al caer el sol.<\/p>\r\n\t\t\t\t\t\t\t\t\t\t\t\t\t\t\t\t\t\t\t\t\t\t\t<\/div>\r\n\t\t\t\t\t\t<\/div>\r\n\t\t\t\t\t<\/div>\r\n\t\t\t\t<\/div>\r\n\t\t\t\t\t\t\t\t\t\t\t\t<div class=\"row mb-30\">\r\n\t\t\t\t\t<div class=\"col-lg-6 col-md-12 order2 valign animate-box\" data-animate-effect=\"fadeInLeft\">\r\n\t\t\t\t\t\t<div class=\"content\">\r\n\t\t\t\t\t\t\t<div class=\"date\">\r\n\t\t\t\t\t\t\t\t\t\t\t\t\t\t\t\t\t<h1>02<\/h1>\r\n\t\t\t\t\t\t\t\t\t\t\t\t\t\t\t<\/div>\r\n\t\t\t\t\t\t\t<div class=\"cont\">\r\n\t\t\t\t\t\t\t\t\t\t\t\t\t\t\t\t\t<a href=\"?p=9\">\r\n\t\t\t\t\t\t\t\t\t\t<h5>Gimnasio <\/h5>\r\n\t\t\t\t\t\t\t\t\t<\/a>\r\n\t\t\t\t\t\t\t\t\t\t\t\t\t\t\t\t\t\t\t\t\t\t\t\t\t<p>En Aytana Gym, tu bienestar es parte del lujo. Un espacio de alto rendimiento con equipos de \u00faltima generaci\u00f3n, \u00e1reas especializadas para cardio, fuerza, funcional y entrenamiento personal, todo en un ambiente sofisticado y lleno de inspiraci\u00f3n.<\/p>\r\n\t\t\t\t\t\t\t\t\t\t\t\t\t\t\t\t\t\t\t\t\t\t\t<\/div>\r\n\t\t\t\t\t\t<\/div>\r\n\t\t\t\t\t<\/div>\r\n\t\t\t\t\t<div class=\"col-lg-6 col-md-12 order1 animate-box\" data-animate-effect=\"fadeInRight\">\r\n\t\t\t\t\t\t<div class=\"img left\">\r\n\t\t\t\t\t\t\t\t\t\t\t\t\t\t\t<a href=\"?p=9\">\r\n\t\t\t\t\t\t\t\t\t<img decoding=\"async\" src=\"https:\/\/aytanaluxuryliving.com.mx\/wp-content\/uploads\/2025\/07\/a-dinero-2025-04-23T143033.581-e1752008944365.png\" alt=\"\">\r\n\t\t\t\t\t\t\t\t<\/a>\r\n\t\t\t\t\t\t\t\t\t\t\t\t\t<\/div>\r\n\t\t\t\t\t<\/div>\r\n\t\t\t\t<\/div>\r\n\t\t\t\t\t\t\t\t\t\t\t\t<div class=\"row mb-30\">\r\n\t\t\t\t\t<div class=\"col-lg-6 col-md-12 animate-box\" data-animate-effect=\"fadeInLeft\">\r\n\t\t\t\t\t\t\t\t\t\t\t\t\t<div class=\"img left\">\r\n\t\t\t\t\t\t\t\t\t\t\t\t\t\t\t\t\t<a href=\"?p=26\">\r\n\t\t\t\t\t\t\t\t\t\t<img decoding=\"async\" src=\"https:\/\/aytanaluxuryliving.com.mx\/wp-content\/uploads\/2025\/06\/Diseno-sin-titulo-2025-06-30T141110.286.png\" alt=\"\">\r\n\t\t\t\t\t\t\t\t\t<\/a>\r\n\t\t\t\t\t\t\t\t\t\t\t\t\t\t\t<\/div>\r\n\t\t\t\t\t\t\t\t\t\t\t<\/div>\r\n\t\t\t\t\t<div class=\"col-lg-6 col-md-12 valign animate-box\" data-animate-effect=\"fadeInRight\">\r\n\t\t\t\t\t\t<div class=\"content\">\r\n\t\t\t\t\t\t\t<div class=\"date\">\r\n\t\t\t\t\t\t\t\t\t\t\t\t\t\t\t\t\t<h1>03<\/h1>\r\n\t\t\t\t\t\t\t\t\t\t\t\t\t\t\t<\/div>\r\n\t\t\t\t\t\t\t<div class=\"cont\">\r\n\t\t\t\t\t\t\t\t\t\t\t\t\t\t\t\t\t<a href=\"?p=26\">\r\n\t\t\t\t\t\t\t\t\t\t<h5>Spa<\/h5>\r\n\t\t\t\t\t\t\t\t\t<\/a>\r\n\t\t\t\t\t\t\t\t\t\t\t\t\t\t\t\t\t\t\t\t\t\t\t\t\t<p>Descubre nuestra selecci\u00f3n de tratamientos exclusivos dise\u00f1ados para relajar, renovar y reconectar contigo. Cada detalle est\u00e1 pensado para que vivas un momento de desconexi\u00f3n total, rodeado de tranquilidad.<\/p>\r\n\t\t\t\t\t\t\t\t\t\t\t\t\t\t\t\t\t\t\t\t\t\t\t<\/div>\r\n\t\t\t\t\t\t<\/div>\r\n\t\t\t\t\t<\/div>\r\n\t\t\t\t<\/div>\r\n\t\t\t\t\t\t<\/div>\r\n<\/section>\r\n\r\n\r\n\t\t\t\t<\/div>\n\t\t\t\t<\/div>\n\t\t\t\t\t<\/div>\n\t\t\t\t<\/div>\n\t\t\t\t<section class=\"elementor-section elementor-top-section elementor-element elementor-element-8ac83e1 elementor-section-full_width elementor-section-height-default elementor-section-height-default\" data-id=\"8ac83e1\" data-element_type=\"section\" data-e-type=\"section\">\n\t\t\t\t\t\t<div class=\"elementor-container elementor-column-gap-no\">\n\t\t\t\t\t<div class=\"elementor-column elementor-col-100 elementor-top-column elementor-element elementor-element-d69e470\" data-id=\"d69e470\" data-element_type=\"column\" data-e-type=\"column\">\n\t\t\t<div class=\"elementor-widget-wrap elementor-element-populated\">\n\t\t\t\t\t\t<div class=\"elementor-element elementor-element-d5a23e8 elementor-align-left elementor-widget elementor-widget-bdevs-reservation-section\" data-id=\"d5a23e8\" data-element_type=\"widget\" data-e-type=\"widget\" data-widget_type=\"bdevs-reservation-section.default\">\n\t\t\t\t<div class=\"elementor-widget-container\">\n\t\t\t\t\t\r\n<section class=\"reservation\">\r\n\t\t\t<div class=\"background bg-img bg-fixed valign section-padding\" data-overlay-dark=\"5\" data-background=\"https:\/\/aytanaluxuryliving.com.mx\/wp-content\/uploads\/2025\/06\/Diseno-sin-titulo.svg\">\r\n\t\t\t\t<div class=\"container\">\r\n\t\t\t\t<div class=\"row\">\r\n\t\t\t\t\t\t\t\t\t\t\t<div class=\"col-md-12 mb-30 mt-30\">\r\n\t\t\t\t\t\t\t\t\t\t\t\t\t\t\t\t\t\t\t\t<p>\r\n\t\t\t\t\t\t\t\t\t\t\t\t\t\t\t\t\t\t\t<i class=\"star-rating\"><\/i>\r\n\t\t\t\t\t\t\t\t\t\t\t\t\t\t\t\t\t\t\t<i class=\"star-rating\"><\/i>\r\n\t\t\t\t\t\t\t\t\t\t\t\t\t\t\t\t\t\t\t<i class=\"star-rating\"><\/i>\r\n\t\t\t\t\t\t\t\t\t\t\t\t\t\t\t\t\t\t\t<i class=\"star-rating\"><\/i>\r\n\t\t\t\t\t\t\t\t\t\t\t\t\t\t\t\t\t\t\t<i class=\"star-rating\"><\/i>\r\n\t\t\t\t\t\t\t\t\t\t\t\t\t\t\t\t\t<\/p>\r\n\t\t\t\t\t\t\t\t\t\t\t\t\t\t\t\t\t\t\t\t\t\t\t\t\t\t\t\t\t\t\t<h5>\n     \n\u00bfTiene alguna pregunta o necesita m\u00e1s informaci\u00f3n? Cont\u00e1ctenos.<\/h5>\r\n\t\t\t\t\t\t\t\t\t\t\t\t\t\t\t\t\t\t\t\t\t\t\t\t\t\t\t\t\t\t\t\t<div class=\"reservations mb-30\">\r\n\t\t\t\t\t\t\t\t\t\t\t\t\t\t\t\t\t\t\t\t\t<div class=\"icon\">\r\n\t\t\t\t\t\t\t\t\t\t\t\t\t\t\t\t\t\t\t\t\t\t\t\t\t<i class=\"flaticon-call\"><\/i>\t\t\t\t\t\t\t\t\t\t\t\t\t\t\t\t\t\t\t\t\t\t\t<\/div>\r\n\t\t\t\t\t\t\t\t\t\t\t\t\t\t\t\t\t\t\t\t<div class=\"text\">\r\n\t\t\t\t\t\t\t\t\t\t\t\t\t\t\t\t\t\t\t\t\t\t\t<p>Reservation<\/p> \r\n\t\t\t\t\t\t\t\t\t\t\t\t\t\t\t\t\t\t\t\t\t\t\t\t\t\t\t\t\t\t\t\t\t\t\t\t\t\t\t\t\t\t\t\t\t\t\t<a href=\"tel:9991299927\">\r\n\t\t\t\t\t\t\t\t\t\t\t\t\t\t9991299927\t\t\t\t\t\t\t\t\t\t\t\t\t<\/a>\r\n\t\t\t\t\t\t\t\t\t\t\t\t\t\t\t\t\t\t\t\t\t\t\t\t\t\t\t\t\t\t\t\t\t<\/div>\r\n\t\t\t\t\t\t\t\t\t<\/div>\r\n\t\t\t\t\t\t\t\t\t\t\t\t\t\t\t\t\t\t\t\t\t<\/div>\r\n\t\t\t\t\t\t\t\t\t<\/div>\r\n\t\t\t<\/div>\r\n\t\t<\/div>\r\n<\/section>\r\n\r\n\r\n\t\t\t\t<\/div>\n\t\t\t\t<\/div>\n\t\t\t\t\t<\/div>\n\t\t<\/div>\n\t\t\t\t\t<\/div>\n\t\t<\/section>\n\t\t\t\t<\/div>","protected":false},"excerpt":{"rendered":"<p>Amenidades 01 Beach Club Sum\u00e9rgete en la experiencia \u00fanica de Aytana Beach Club, un refugio de sofisticaci\u00f3n frente a las aguas turquesa del Caribe. Aqu\u00ed, el lujo se encuentra con la brisa marina en un ambiente dise\u00f1ado para el descanso, el placer y los sentidos. Disfruta de camastros exclusivos, cocteler\u00eda de autor, m\u00fasica selecta y [&hellip;]<\/p>\n","protected":false},"author":1,"featured_media":0,"parent":0,"menu_order":0,"comment_status":"closed","ping_status":"closed","template":"page-templates\/page-templates.php","meta":{"_monsterinsights_skip_tracking":false,"_monsterinsights_sitenote_active":false,"_monsterinsights_sitenote_note":"","_monsterinsights_sitenote_category":0,"footnotes":""},"class_list":["post-5561","page","type-page","status-publish","hentry"],"aioseo_notices":[],"_links":{"self":[{"href":"https:\/\/aytanaluxuryliving.com.mx\/en\/wp-json\/wp\/v2\/pages\/5561","targetHints":{"allow":["GET"]}}],"collection":[{"href":"https:\/\/aytanaluxuryliving.com.mx\/en\/wp-json\/wp\/v2\/pages"}],"about":[{"href":"https:\/\/aytanaluxuryliving.com.mx\/en\/wp-json\/wp\/v2\/types\/page"}],"author":[{"embeddable":true,"href":"https:\/\/aytanaluxuryliving.com.mx\/en\/wp-json\/wp\/v2\/users\/1"}],"replies":[{"embeddable":true,"href":"https:\/\/aytanaluxuryliving.com.mx\/en\/wp-json\/wp\/v2\/comments?post=5561"}],"version-history":[{"count":35,"href":"https:\/\/aytanaluxuryliving.com.mx\/en\/wp-json\/wp\/v2\/pages\/5561\/revisions"}],"predecessor-version":[{"id":6548,"href":"https:\/\/aytanaluxuryliving.com.mx\/en\/wp-json\/wp\/v2\/pages\/5561\/revisions\/6548"}],"wp:attachment":[{"href":"https:\/\/aytanaluxuryliving.com.mx\/en\/wp-json\/wp\/v2\/media?parent=5561"}],"curies":[{"name":"wp","href":"https:\/\/api.w.org\/{rel}","templated":true}]}}